{"id":1796,"date":"2025-07-20T16:29:24","date_gmt":"2025-07-20T14:29:24","guid":{"rendered":"https:\/\/ecomasiasferran.com\/cookies\/"},"modified":"2025-07-21T12:27:16","modified_gmt":"2025-07-21T10:27:16","slug":"cookies","status":"publish","type":"page","link":"https:\/\/ecomasiasferran.com\/ca\/cookies\/","title":{"rendered":"Pol\u00edtica de cookies"},"content":{"rendered":"\t\t<div data-elementor-type=\"wp-page\" data-elementor-id=\"1796\" class=\"elementor elementor-1796 elementor-1712\">\n\t\t\t\t<div class=\"elementor-element elementor-element-6c33b63 e-flex e-con-boxed e-con e-parent\" data-id=\"6c33b63\" data-element_type=\"container\" data-settings=\"{&quot;background_background&quot;:&quot;classic&quot;}\">\n\t\t\t\t\t<div class=\"e-con-inner\">\n\t\t\t\t<div class=\"elementor-element elementor-element-d184519 elementor-widget elementor-widget-heading\" data-id=\"d184519\" data-element_type=\"widget\" data-widget_type=\"heading.default\">\n\t\t\t\t<div class=\"elementor-widget-container\">\n\t\t\t\t\t<h1 class=\"elementor-heading-title elementor-size-default\">Pol\u00edtica de Cookies<\/h1>\t\t\t\t<\/div>\n\t\t\t\t<\/div>\n\t\t\t\t\t<\/div>\n\t\t\t\t<\/div>\n\t\t<div class=\"elementor-element elementor-element-5b80031 e-con-full e-flex e-con e-parent\" data-id=\"5b80031\" data-element_type=\"container\" data-settings=\"{&quot;background_background&quot;:&quot;classic&quot;}\">\n\t\t<div class=\"elementor-element elementor-element-3c7d12f e-con-full e-flex e-con e-child\" data-id=\"3c7d12f\" data-element_type=\"container\">\n\t\t\t\t<div class=\"elementor-element elementor-element-1c11b89 elementor-widget elementor-widget-text-editor\" data-id=\"1c11b89\" data-element_type=\"widget\" data-widget_type=\"text-editor.default\">\n\t\t\t\t<div class=\"elementor-widget-container\">\n\t\t\t\t\t\t\t\t\t<h2><b>1. Qu\u00e8 s\u00f3n les galetes?<\/b><\/h2><p><span style=\"font-weight: 300;\">Una galeta \u00e9s un petit arxiu de text que s&#8217;emmagatzema al navegador en visitar una web. Serveixen per recon\u00e8ixer el vostre dispositiu, recordar prefer\u00e8ncies o recollir estad\u00edstiques d&#8217;\u00fas. <\/span><\/p><h2><b>2. Quins tipus de cookies fem servir?<\/b><\/h2><p><span style=\"font-weight: 300;\">Utilitzem diferents tipus de cookies al nostre lloc web per millorar la teva experi\u00e8ncia i oferir continguts rellevants.<\/span><span style=\"font-weight: 300;\"><br><\/span> <span style=\"font-weight: 300;\">Les cookies<\/span> <span style=\"font-weight: 400;\">anal\u00edtiques<\/span> <span style=\"font-weight: 300;\">, com les de<\/span> <span style=\"font-weight: 400;\">Google Analytics<\/span><span style=\"font-weight: 300;\">, ens ajuden a recopilar informaci\u00f3 sobre la vostra navegaci\u00f3 i comportament dins la web. Aquesta informaci\u00f3 \u00e9s an\u00f2nima i es fa servir per entendre millor com interactues amb el lloc i aix\u00ed poder optimitzar-lo. Aquestes cookies poden mantenir-se actives fins per    <\/span><span style=\"font-weight: 400;\">2 anys<\/span> <span style=\"font-weight: 300;\">.<\/span><\/p><p><span style=\"font-weight: 300;\">D&#8217;altra banda, fem servir cookies de<\/span> <span style=\"font-weight: 400;\">publicitat<\/span> <span style=\"font-weight: 300;\">, com el<\/span> <span style=\"font-weight: 400;\">Meta Pixel<\/span><span style=\"font-weight: 300;\">  (de Facebook i Instagram), que permeten mostrar anuncis personalitzats en funci\u00f3 del teu comportament i prefer\u00e8ncies Aquestes cookies tenen una durada de fins a   <\/span><span style=\"font-weight: 400;\">3 mesos<\/span> <span style=\"font-weight: 300;\">.<\/span><\/p><h2><b>3. Gesti\u00f3 de cookies<\/b><\/h2><p><span style=\"font-weight: 300;\">Pots acceptar o rebutjar les galetes no essencials des del banner inicial. Tamb\u00e9 podeu configurar el vostre navegador per eliminar o bloquejar cookies instal\u00b7lades. Aqu\u00ed tens enlla\u00e7os a com fer-ho:  <\/span><\/p><ul><li style=\"font-weight: 300;\" aria-level=\"1\"><span style=\"font-weight: 300;\">Chrome<\/span><\/li><li style=\"font-weight: 300;\" aria-level=\"1\"><a style=\"font-style: inherit; background-color: #ffffff;\" href=\"https:\/\/support.mozilla.org\/es\/kb\/proteccion-antirrastreo-mejorada-en-firefox-para-escr\">Firefox<\/a><\/li><li style=\"font-weight: 300;\" aria-level=\"1\"><a style=\"font-style: inherit; background-color: #ffffff;\" href=\"https:\/\/support.apple.com\/es-es\/guide\/safari\/sfri11471\/mac\">Safari<\/a><\/li><\/ul><h2><b>4. Transfer\u00e8ncies internacionals<\/b><\/h2><p><span style=\"font-weight: 300;\">L&#8217;\u00fas de serveis de Google i Meta implica transfer\u00e8ncies internacionals possibles. Tots dos prove\u00efdors apliquen cl\u00e0usules contractuals tipus aprovades per la Comissi\u00f3 Europea per garantir un nivell adequat de protecci\u00f3. <\/span><\/p><h2><b>5. Canvis en aquesta pol\u00edtica<\/b><\/h2><p><span style=\"font-weight: 300;\">Masias Ferran SL podr\u00e0 actualitzar aquesta Pol\u00edtica de Cookies per reflectir canvis legals o t\u00e8cnics. La data de la darrera actualitzaci\u00f3 es mostrar\u00e0 al peu de p\u00e0gina. <\/span><\/p><p dir=\"ltr\" style=\"line-height: 1.2; margin-top: 12pt; margin-bottom: 12pt;\"> <\/p>\t\t\t\t\t\t\t\t<\/div>\n\t\t\t\t<\/div>\n\t\t\t\t<\/div>\n\t\t\t\t<\/div>\n\t\t\t\t<\/div>\n\t\t","protected":false},"excerpt":{"rendered":"<p>Pol\u00edtica de Cookies 1. Qu\u00e8 s\u00f3n les galetes? Una galeta \u00e9s un petit arxiu de text que s&#8217;emmagatzema al navegador en visitar una web. Serveixen per recon\u00e8ixer el vostre dispositiu, recordar prefer\u00e8ncies o recollir estad\u00edstiques d&#8217;\u00fas. 2. Quins tipus de cookies fem servir? Utilitzem diferents tipus de cookies al nostre lloc web per millorar la [&hellip;]<\/p>\n","protected":false},"author":1,"featured_media":0,"parent":0,"menu_order":0,"comment_status":"closed","ping_status":"closed","template":"","meta":{"inline_featured_image":false,"_uf_show_specific_survey":0,"_uf_disable_surveys":false,"site-sidebar-layout":"no-sidebar","site-content-layout":"","ast-site-content-layout":"full-width-container","site-content-style":"default","site-sidebar-style":"default","ast-global-header-display":"","ast-banner-title-visibility":"","ast-main-header-display":"","ast-hfb-above-header-display":"","ast-hfb-below-header-display":"","ast-hfb-mobile-header-display":"","site-post-title":"disabled","ast-breadcrumbs-content":"","ast-featured-img":"disabled","footer-sml-layout":"","theme-transparent-header-meta":"default","adv-header-id-meta":"","stick-header-meta":"","header-above-stick-meta":"","header-main-stick-meta":"","header-below-stick-meta":"","astra-migrate-meta-layouts":"default","ast-page-background-enabled":"default","ast-page-background-meta":{"desktop":{"background-color":"var(--ast-global-color-5)","background-image":"","background-repeat":"repeat","background-position":"center center","background-size":"auto","background-attachment":"scroll","background-type":"","background-media":"","overlay-type":"","overlay-color":"","overlay-opacity":"","overlay-gradient":""},"tablet":{"background-color":"","background-image":"","background-repeat":"repeat","background-position":"center center","background-size":"auto","background-attachment":"scroll","background-type":"","background-media":"","overlay-type":"","overlay-color":"","overlay-opacity":"","overlay-gradient":""},"mobile":{"background-color":"","background-image":"","background-repeat":"repeat","background-position":"center center","background-size":"auto","background-attachment":"scroll","background-type":"","background-media":"","overlay-type":"","overlay-color":"","overlay-opacity":"","overlay-gradient":""}},"ast-content-background-meta":{"desktop":{"background-color":"var(--ast-global-color-4)","background-image":"","background-repeat":"repeat","background-position":"center center","background-size":"auto","background-attachment":"scroll","background-type":"","background-media":"","overlay-type":"","overlay-color":"","overlay-opacity":"","overlay-gradient":""},"tablet":{"background-color":"var(--ast-global-color-4)","background-image":"","background-repeat":"repeat","background-position":"center center","background-size":"auto","background-attachment":"scroll","background-type":"","background-media":"","overlay-type":"","overlay-color":"","overlay-opacity":"","overlay-gradient":""},"mobile":{"background-color":"var(--ast-global-color-4)","background-image":"","background-repeat":"repeat","background-position":"center center","background-size":"auto","background-attachment":"scroll","background-type":"","background-media":"","overlay-type":"","overlay-color":"","overlay-opacity":"","overlay-gradient":""}},"footnotes":""},"class_list":["post-1796","page","type-page","status-publish","hentry"],"aioseo_notices":[],"_links":{"self":[{"href":"https:\/\/ecomasiasferran.com\/ca\/wp-json\/wp\/v2\/pages\/1796","targetHints":{"allow":["GET"]}}],"collection":[{"href":"https:\/\/ecomasiasferran.com\/ca\/wp-json\/wp\/v2\/pages"}],"about":[{"href":"https:\/\/ecomasiasferran.com\/ca\/wp-json\/wp\/v2\/types\/page"}],"author":[{"embeddable":true,"href":"https:\/\/ecomasiasferran.com\/ca\/wp-json\/wp\/v2\/users\/1"}],"replies":[{"embeddable":true,"href":"https:\/\/ecomasiasferran.com\/ca\/wp-json\/wp\/v2\/comments?post=1796"}],"version-history":[{"count":1,"href":"https:\/\/ecomasiasferran.com\/ca\/wp-json\/wp\/v2\/pages\/1796\/revisions"}],"predecessor-version":[{"id":1797,"href":"https:\/\/ecomasiasferran.com\/ca\/wp-json\/wp\/v2\/pages\/1796\/revisions\/1797"}],"wp:attachment":[{"href":"https:\/\/ecomasiasferran.com\/ca\/wp-json\/wp\/v2\/media?parent=1796"}],"curies":[{"name":"wp","href":"https:\/\/api.w.org\/{rel}","templated":true}]}}