{"id":1803,"date":"2025-07-20T16:29:24","date_gmt":"2025-07-20T14:29:24","guid":{"rendered":"https:\/\/ecomasiasferran.com\/cookies\/"},"modified":"2025-07-21T12:27:16","modified_gmt":"2025-07-21T10:27:16","slug":"cookies","status":"publish","type":"page","link":"https:\/\/ecomasiasferran.com\/de\/cookies\/","title":{"rendered":"Cookies Politik"},"content":{"rendered":"\t\t<div data-elementor-type=\"wp-page\" data-elementor-id=\"1803\" class=\"elementor elementor-1803 elementor-1712\">\n\t\t\t\t<div class=\"elementor-element elementor-element-6c33b63 e-flex e-con-boxed e-con e-parent\" data-id=\"6c33b63\" data-element_type=\"container\" data-settings=\"{&quot;background_background&quot;:&quot;classic&quot;}\">\n\t\t\t\t\t<div class=\"e-con-inner\">\n\t\t\t\t<div class=\"elementor-element elementor-element-d184519 elementor-widget elementor-widget-heading\" data-id=\"d184519\" data-element_type=\"widget\" data-widget_type=\"heading.default\">\n\t\t\t\t<div class=\"elementor-widget-container\">\n\t\t\t\t\t<h1 class=\"elementor-heading-title elementor-size-default\">Cookie-Richtlinie<\/h1>\t\t\t\t<\/div>\n\t\t\t\t<\/div>\n\t\t\t\t\t<\/div>\n\t\t\t\t<\/div>\n\t\t<div class=\"elementor-element elementor-element-5b80031 e-con-full e-flex e-con e-parent\" data-id=\"5b80031\" data-element_type=\"container\" data-settings=\"{&quot;background_background&quot;:&quot;classic&quot;}\">\n\t\t<div class=\"elementor-element elementor-element-3c7d12f e-con-full e-flex e-con e-child\" data-id=\"3c7d12f\" data-element_type=\"container\">\n\t\t\t\t<div class=\"elementor-element elementor-element-1c11b89 elementor-widget elementor-widget-text-editor\" data-id=\"1c11b89\" data-element_type=\"widget\" data-widget_type=\"text-editor.default\">\n\t\t\t\t<div class=\"elementor-widget-container\">\n\t\t\t\t\t\t\t\t\t<h2><b>1. was sind Cookies?<\/b><\/h2><p><span style=\"font-weight: 300;\">Ein Cookie ist eine kleine Textdatei, die in Ihrem Browser gespeichert wird, wenn Sie eine Website besuchen. Sie werden verwendet, um Ihr Ger\u00e4t zu erkennen, Pr\u00e4ferenzen zu speichern oder Nutzungsstatistiken zu erfassen. <\/span><\/p><h2><b>2. welche Arten von Cookies verwenden wir?<\/b><\/h2><p><span style=\"font-weight: 300;\">Wir verwenden verschiedene Arten von Cookies auf unserer Website, um Ihr Erlebnis zu verbessern und Ihnen relevante Inhalte zu bieten.<\/span><span style=\"font-weight: 300;\"><br><\/span> <span style=\"font-weight: 300;\"> Cookies <\/span><span style=\"font-weight: 400;\">analytics<\/span><span style=\"font-weight: 300;\">Cookies, wie zum Beispiel die von <\/span><span style=\"font-weight: 400;\">Google Analytics<\/span><span style=\"font-weight: 300;\">Cookies helfen uns, Informationen \u00fcber Ihr Browsing und Ihr Verhalten auf der Website zu sammeln. Diese Informationen sind anonym und werden verwendet, um besser zu verstehen, wie Sie mit der Website interagieren, damit wir sie optimieren k\u00f6nnen. Diese Cookies k\u00f6nnen bis zu drei Jahre lang aktiv bleiben.    <\/span><span style=\"font-weight: 400;\">2 Jahre<\/span><span style=\"font-weight: 300;\">.<\/span><\/p><p><span style=\"font-weight: 300;\">Andererseits verwenden wir Cookies f\u00fcr <\/span><span style=\"font-weight: 400;\">Werbung<\/span><span style=\"font-weight: 300;\">Cookies, wie zum Beispiel den <\/span><span style=\"font-weight: 400;\">Meta-Pixel<\/span><span style=\"font-weight: 300;\">  (von Facebook und Instagram), die es uns erm\u00f6glichen, Ihnen personalisierte Werbung zu zeigen, die auf Ihrem Verhalten und Ihren Vorlieben basiert. Diese Cookies haben eine Dauer von bis zu   <\/span><span style=\"font-weight: 400;\">3 Monate<\/span><span style=\"font-weight: 300;\">.<\/span><\/p><h2><b>3. die Verwaltung von Cookies<\/b><\/h2><p><span style=\"font-weight: 300;\">Sie k\u00f6nnen nicht ben\u00f6tigte Cookies \u00fcber das Home-Banner akzeptieren oder ablehnen. Sie k\u00f6nnen Ihren Browser auch so konfigurieren, dass er installierte Cookies l\u00f6scht oder blockiert. Hier finden Sie Links zu den entsprechenden Einstellungen:  <\/span><\/p><ul><li style=\"font-weight: 300;\" aria-level=\"1\"><span style=\"font-weight: 300;\">Chrom<\/span><\/li><li style=\"font-weight: 300;\" aria-level=\"1\"><a style=\"font-style: inherit; background-color: #ffffff;\" href=\"https:\/\/support.mozilla.org\/es\/kb\/proteccion-antirrastreo-mejorada-en-firefox-para-escr\">Firefox<\/a><\/li><li style=\"font-weight: 300;\" aria-level=\"1\"><a style=\"font-style: inherit; background-color: #ffffff;\" href=\"https:\/\/support.apple.com\/es-es\/guide\/safari\/sfri11471\/mac\">Safari<\/a><\/li><\/ul><h2><b>4. Internationale \u00dcberweisungen<\/b><\/h2><p><span style=\"font-weight: 300;\">Die Nutzung der Dienste von Google und Meta impliziert m\u00f6gliche internationale \u00dcbertragungen. Beide Anbieter verwenden Standardvertragsklauseln, die von der Europ\u00e4ischen Kommission genehmigt wurden, um ein angemessenes Schutzniveau zu gew\u00e4hrleisten. <\/span><\/p><h2><b>5. \u00c4nderungen an dieser Politik<\/b><\/h2><p><span style=\"font-weight: 300;\">Masias Ferran S.L. kann diese Cookie-Richtlinie aktualisieren, um rechtlichen oder technischen \u00c4nderungen Rechnung zu tragen. Das Datum der letzten Aktualisierung wird in der Fu\u00dfzeile angezeigt. <\/span><\/p><p dir=\"ltr\" style=\"line-height: 1.2; margin-top: 12pt; margin-bottom: 12pt;\"> <\/p>\t\t\t\t\t\t\t\t<\/div>\n\t\t\t\t<\/div>\n\t\t\t\t<\/div>\n\t\t\t\t<\/div>\n\t\t\t\t<\/div>\n\t\t","protected":false},"excerpt":{"rendered":"<p>Cookie-Richtlinie 1. was sind Cookies? Ein Cookie ist eine kleine Textdatei, die in Ihrem Browser gespeichert wird, wenn Sie eine Website besuchen. Sie werden verwendet, um Ihr Ger\u00e4t zu erkennen, Pr\u00e4ferenzen zu speichern oder Nutzungsstatistiken zu erfassen. 2. welche Arten von Cookies verwenden wir? Wir verwenden verschiedene Arten von Cookies auf unserer Website, um Ihr [&hellip;]<\/p>\n","protected":false},"author":1,"featured_media":0,"parent":0,"menu_order":0,"comment_status":"closed","ping_status":"closed","template":"","meta":{"inline_featured_image":false,"_uf_show_specific_survey":0,"_uf_disable_surveys":false,"site-sidebar-layout":"no-sidebar","site-content-layout":"","ast-site-content-layout":"full-width-container","site-content-style":"default","site-sidebar-style":"default","ast-global-header-display":"","ast-banner-title-visibility":"","ast-main-header-display":"","ast-hfb-above-header-display":"","ast-hfb-below-header-display":"","ast-hfb-mobile-header-display":"","site-post-title":"disabled","ast-breadcrumbs-content":"","ast-featured-img":"disabled","footer-sml-layout":"","theme-transparent-header-meta":"default","adv-header-id-meta":"","stick-header-meta":"","header-above-stick-meta":"","header-main-stick-meta":"","header-below-stick-meta":"","astra-migrate-meta-layouts":"default","ast-page-background-enabled":"default","ast-page-background-meta":{"desktop":{"background-color":"var(--ast-global-color-5)","background-image":"","background-repeat":"repeat","background-position":"center center","background-size":"auto","background-attachment":"scroll","background-type":"","background-media":"","overlay-type":"","overlay-color":"","overlay-opacity":"","overlay-gradient":""},"tablet":{"background-color":"","background-image":"","background-repeat":"repeat","background-position":"center center","background-size":"auto","background-attachment":"scroll","background-type":"","background-media":"","overlay-type":"","overlay-color":"","overlay-opacity":"","overlay-gradient":""},"mobile":{"background-color":"","background-image":"","background-repeat":"repeat","background-position":"center center","background-size":"auto","background-attachment":"scroll","background-type":"","background-media":"","overlay-type":"","overlay-color":"","overlay-opacity":"","overlay-gradient":""}},"ast-content-background-meta":{"desktop":{"background-color":"var(--ast-global-color-4)","background-image":"","background-repeat":"repeat","background-position":"center center","background-size":"auto","background-attachment":"scroll","background-type":"","background-media":"","overlay-type":"","overlay-color":"","overlay-opacity":"","overlay-gradient":""},"tablet":{"background-color":"var(--ast-global-color-4)","background-image":"","background-repeat":"repeat","background-position":"center center","background-size":"auto","background-attachment":"scroll","background-type":"","background-media":"","overlay-type":"","overlay-color":"","overlay-opacity":"","overlay-gradient":""},"mobile":{"background-color":"var(--ast-global-color-4)","background-image":"","background-repeat":"repeat","background-position":"center center","background-size":"auto","background-attachment":"scroll","background-type":"","background-media":"","overlay-type":"","overlay-color":"","overlay-opacity":"","overlay-gradient":""}},"footnotes":""},"class_list":["post-1803","page","type-page","status-publish","hentry"],"aioseo_notices":[],"_links":{"self":[{"href":"https:\/\/ecomasiasferran.com\/de\/wp-json\/wp\/v2\/pages\/1803","targetHints":{"allow":["GET"]}}],"collection":[{"href":"https:\/\/ecomasiasferran.com\/de\/wp-json\/wp\/v2\/pages"}],"about":[{"href":"https:\/\/ecomasiasferran.com\/de\/wp-json\/wp\/v2\/types\/page"}],"author":[{"embeddable":true,"href":"https:\/\/ecomasiasferran.com\/de\/wp-json\/wp\/v2\/users\/1"}],"replies":[{"embeddable":true,"href":"https:\/\/ecomasiasferran.com\/de\/wp-json\/wp\/v2\/comments?post=1803"}],"version-history":[{"count":1,"href":"https:\/\/ecomasiasferran.com\/de\/wp-json\/wp\/v2\/pages\/1803\/revisions"}],"predecessor-version":[{"id":1804,"href":"https:\/\/ecomasiasferran.com\/de\/wp-json\/wp\/v2\/pages\/1803\/revisions\/1804"}],"wp:attachment":[{"href":"https:\/\/ecomasiasferran.com\/de\/wp-json\/wp\/v2\/media?parent=1803"}],"curies":[{"name":"wp","href":"https:\/\/api.w.org\/{rel}","templated":true}]}}