{"id":1728,"date":"2025-07-20T16:37:55","date_gmt":"2025-07-20T14:37:55","guid":{"rendered":"https:\/\/ecomasiasferran.com\/politica-de-cookies\/"},"modified":"2025-10-15T16:12:44","modified_gmt":"2025-10-15T14:12:44","slug":"blog-2","status":"publish","type":"page","link":"https:\/\/ecomasiasferran.com\/en\/blog-2\/","title":{"rendered":"Blog"},"content":{"rendered":"\t\t<div data-elementor-type=\"wp-page\" data-elementor-id=\"1728\" class=\"elementor elementor-1728 elementor-1722\">\n\t\t\t\t<div class=\"elementor-element elementor-element-6c33b63 e-flex e-con-boxed e-con e-parent\" data-id=\"6c33b63\" data-element_type=\"container\" data-settings=\"{&quot;background_background&quot;:&quot;classic&quot;}\">\n\t\t\t\t\t<div class=\"e-con-inner\">\n\t\t\t\t<div class=\"elementor-element elementor-element-d184519 elementor-widget elementor-widget-heading\" data-id=\"d184519\" data-element_type=\"widget\" data-widget_type=\"heading.default\">\n\t\t\t\t<div class=\"elementor-widget-container\">\n\t\t\t\t\t<h1 class=\"elementor-heading-title elementor-size-default\">Articles and news<\/h1>\t\t\t\t<\/div>\n\t\t\t\t<\/div>\n\t\t\t\t<div class=\"elementor-element elementor-element-5a213d3 elementor-widget elementor-widget-text-editor\" data-id=\"5a213d3\" data-element_type=\"widget\" data-widget_type=\"text-editor.default\">\n\t\t\t\t<div class=\"elementor-widget-container\">\n\t\t\t\t\t\t\t\t\t<p><span style=\"font-weight: 400;\">Next Opening<\/span><\/p>\t\t\t\t\t\t\t\t<\/div>\n\t\t\t\t<\/div>\n\t\t\t\t\t<\/div>\n\t\t\t\t<\/div>\n\t\t<div class=\"elementor-element elementor-element-5b80031 e-con-full e-flex e-con e-parent\" data-id=\"5b80031\" data-element_type=\"container\" data-settings=\"{&quot;background_background&quot;:&quot;classic&quot;}\">\n\t\t\t\t<div class=\"elementor-element elementor-element-efe3540 elementor-grid-3 elementor-grid-tablet-2 elementor-grid-mobile-1 elementor-widget elementor-widget-elementor-blog-posts\" data-id=\"efe3540\" data-element_type=\"widget\" data-settings=\"{&quot;columns&quot;:&quot;3&quot;,&quot;columns_tablet&quot;:&quot;2&quot;,&quot;columns_mobile&quot;:&quot;1&quot;}\" data-widget_type=\"elementor-blog-posts.default\">\n\t\t\t\t<div class=\"elementor-widget-container\">\n\t\t\t\t\t\t\t<div class=\"wpcap-grid\">\n\t\t\t\t\t\t<div class=\"wpcap-grid-container elementor-grid wpcap-grid-desktop-3 wpcap-grid-tablet-2 wpcap-grid-mobile-1\">\n\n\t\t\t\t\n        <article id=\"post-1896\" class=\"wpcap-post post-1896 post type-post status-publish format-standard hentry category-sin-categoria\">\n         \n            <div class=\"post-grid-inner\">\n            \t\n            \t\n                <div class=\"post-grid-text-wrap\">\n               \t\t\t\t<h2 class=\"title\">\n\t\t\t<a href=\"https:\/\/ecomasiasferran.com\/en\/perseidas-2025-escapada-magica-bajo-las-estrellas-en-montserrat-masias-cal-ferran-2\/\">Perseids 2025: Magical getaway under the stars in Montserrat | Mas\u00edas Cal Ferran<\/a>\n\t\t<\/h2>\n\t\t\t                \t\t<div class=\"post-grid-meta\">\n\t\t\t\n\t\t\t\t<span class=\"post-date\"><time datetime=\"2025-07-21T10:12:23+02:00\">21\/07\/2025<\/time><\/span>\n\n\t\t\t\t\t\t<\/div>\n\t\t\t                \t\t<div class=\"post-grid-excerpt\">\n\t\t\t<p>Perseids 2025: Magical getaway under the stars in Montserrat | Mas\u00edas Cal Ferran Introduction What is ecotourism? Definition and key principles Environmental and community benefits Rural farmhouses and their role in ecotourism History and evolution of farmhouses Main characteristics Cal Ferr\u00e1n farmhouses: A refuge in nature Privileged location in the&hellip;<\/p>\n\t\t<\/div>\n\t\t\t                \t\t<a class=\"read-more-btn\" href=\"https:\/\/ecomasiasferran.com\/en\/perseidas-2025-escapada-magica-bajo-las-estrellas-en-montserrat-masias-cal-ferran-2\/\">Leer M\u00e1s \u00bb<\/a>\n\t\t                <\/div>\n\n            <\/div><!-- .blog-inner -->\n           \n        <\/article>\n\n        \n        <article id=\"post-1813\" class=\"wpcap-post post-1813 post type-post status-publish format-standard has-post-thumbnail hentry category-escapades-montserrat\">\n         \n            <div class=\"post-grid-inner\">\n            \t\n            \t\t\t\t<div class=\"post-grid-thumbnail\">\n\t\t\t\t<a href=\"https:\/\/ecomasiasferran.com\/en\/perseidas-2025-escapada-magica-bajo-las-estrellas-en-montserrat-masias-cal-ferran\/\">\n\t\t\t\t\t<img fetchpriority=\"high\" decoding=\"async\" width=\"1344\" height=\"768\" src=\"https:\/\/ecomasiasferran.com\/wp-content\/uploads\/2025\/07\/MCF_ecomasiasferran_elbruc_ecoturisme_montserrat_catalunya_Perseidas-2025.png\" class=\"attachment-full size-full wp-post-image\" alt=\"Perseidas 2025\" srcset=\"https:\/\/ecomasiasferran.com\/wp-content\/uploads\/2025\/07\/MCF_ecomasiasferran_elbruc_ecoturisme_montserrat_catalunya_Perseidas-2025.png 1344w, https:\/\/ecomasiasferran.com\/wp-content\/uploads\/2025\/07\/MCF_ecomasiasferran_elbruc_ecoturisme_montserrat_catalunya_Perseidas-2025-300x171.png 300w, https:\/\/ecomasiasferran.com\/wp-content\/uploads\/2025\/07\/MCF_ecomasiasferran_elbruc_ecoturisme_montserrat_catalunya_Perseidas-2025-1024x585.png 1024w, https:\/\/ecomasiasferran.com\/wp-content\/uploads\/2025\/07\/MCF_ecomasiasferran_elbruc_ecoturisme_montserrat_catalunya_Perseidas-2025-768x439.png 768w\" sizes=\"(max-width: 1344px) 100vw, 1344px\" \/>\t\t\t\t<\/a>\n\t\t\t<\/div>\n        \n                <div class=\"post-grid-text-wrap\">\n               \t\t\t\t<h2 class=\"title\">\n\t\t\t<a href=\"https:\/\/ecomasiasferran.com\/en\/perseidas-2025-escapada-magica-bajo-las-estrellas-en-montserrat-masias-cal-ferran\/\">Perseids 2025: Magical getaway under the stars in Montserrat | Mas\u00edas Cal Ferran<\/a>\n\t\t<\/h2>\n\t\t\t                \t\t<div class=\"post-grid-meta\">\n\t\t\t\n\t\t\t\t<span class=\"post-date\"><time datetime=\"2025-07-21T10:12:05+02:00\">21\/07\/2025<\/time><\/span>\n\n\t\t\t\t\t\t<\/div>\n\t\t\t                \t\t<div class=\"post-grid-excerpt\">\n\t\t\t<p>Perseids 2025: Magical getaway under the stars in Montserrat | Mas\u00edas Cal Ferran Experience the most awaited star shower of the year in the middle of nature August brings clear skies, warm nights and one of the most exciting natural spectacles of the year: the Perseid star shower in Montserrat.&hellip;<\/p>\n\t\t<\/div>\n\t\t\t                \t\t<a class=\"read-more-btn\" href=\"https:\/\/ecomasiasferran.com\/en\/perseidas-2025-escapada-magica-bajo-las-estrellas-en-montserrat-masias-cal-ferran\/\">Leer M\u00e1s \u00bb<\/a>\n\t\t                <\/div>\n\n            <\/div><!-- .blog-inner -->\n           \n        <\/article>\n\n        \n        <article id=\"post-1897\" class=\"wpcap-post post-1897 post type-post status-publish format-standard has-post-thumbnail hentry category-escapades-montserrat\">\n         \n            <div class=\"post-grid-inner\">\n            \t\n            \t\t\t\t<div class=\"post-grid-thumbnail\">\n\t\t\t\t<a href=\"https:\/\/ecomasiasferran.com\/en\/ecoturismo-en-masias-rurales-una-experiencia-unica-en-plena-naturaleza\/\">\n\t\t\t\t\t<img decoding=\"async\" width=\"1600\" height=\"1200\" src=\"https:\/\/ecomasiasferran.com\/wp-content\/uploads\/2025\/04\/jnkeejnm2xu.jpg\" class=\"attachment-full size-full wp-post-image\" alt=\"brown rocky mountain under white clouds during daytime\" srcset=\"https:\/\/ecomasiasferran.com\/wp-content\/uploads\/2025\/04\/jnkeejnm2xu.jpg 1600w, https:\/\/ecomasiasferran.com\/wp-content\/uploads\/2025\/04\/jnkeejnm2xu-300x225.jpg 300w, https:\/\/ecomasiasferran.com\/wp-content\/uploads\/2025\/04\/jnkeejnm2xu-1024x768.jpg 1024w, https:\/\/ecomasiasferran.com\/wp-content\/uploads\/2025\/04\/jnkeejnm2xu-768x576.jpg 768w, https:\/\/ecomasiasferran.com\/wp-content\/uploads\/2025\/04\/jnkeejnm2xu-1536x1152.jpg 1536w\" sizes=\"(max-width: 1600px) 100vw, 1600px\" \/>\t\t\t\t<\/a>\n\t\t\t<\/div>\n        \n                <div class=\"post-grid-text-wrap\">\n               \t\t\t\t<h2 class=\"title\">\n\t\t\t<a href=\"https:\/\/ecomasiasferran.com\/en\/ecoturismo-en-masias-rurales-una-experiencia-unica-en-plena-naturaleza\/\">Ecotourism in Rural Farmhouses: A Unique Experience in the Heart of Nature<\/a>\n\t\t<\/h2>\n\t\t\t                \t\t<div class=\"post-grid-meta\">\n\t\t\t\n\t\t\t\t<span class=\"post-date\"><time datetime=\"2025-07-01T12:14:07+02:00\">01\/07\/2025<\/time><\/span>\n\n\t\t\t\t\t\t<\/div>\n\t\t\t                \t\t<div class=\"post-grid-excerpt\">\n\t\t\t<p>Ecotourism in Rural Farmhouses: A Unique Experience in the Heart of Nature Rural tourism has evolved in recent years, giving way to an increasingly popular trend: ecotourism. Staying in a rural farmhouse not only means disconnecting from urban stress, but also living an environmentally responsible experience. Mas\u00edas Cal Ferr\u00e1n, located&hellip;<\/p>\n\t\t<\/div>\n\t\t\t                \t\t<a class=\"read-more-btn\" href=\"https:\/\/ecomasiasferran.com\/en\/ecoturismo-en-masias-rurales-una-experiencia-unica-en-plena-naturaleza\/\">Leer M\u00e1s \u00bb<\/a>\n\t\t                <\/div>\n\n            <\/div><!-- .blog-inner -->\n           \n        <\/article>\n\n        \n        <article id=\"post-944\" class=\"wpcap-post post-944 post type-post status-publish format-standard has-post-thumbnail hentry\">\n         \n            <div class=\"post-grid-inner\">\n            \t\n            \t\t\t\t<div class=\"post-grid-thumbnail\">\n\t\t\t\t<a href=\"https:\/\/ecomasiasferran.com\/en\/entrada-1\/\">\n\t\t\t\t\t<img decoding=\"async\" width=\"1920\" height=\"1080\" src=\"https:\/\/ecomasiasferran.com\/wp-content\/uploads\/2025\/03\/Diseno-sin-titulo-2025-03-12T110457.788.png\" class=\"attachment-full size-full wp-post-image\" alt=\"\" srcset=\"https:\/\/ecomasiasferran.com\/wp-content\/uploads\/2025\/03\/Diseno-sin-titulo-2025-03-12T110457.788.png 1920w, https:\/\/ecomasiasferran.com\/wp-content\/uploads\/2025\/03\/Diseno-sin-titulo-2025-03-12T110457.788-300x169.png 300w, https:\/\/ecomasiasferran.com\/wp-content\/uploads\/2025\/03\/Diseno-sin-titulo-2025-03-12T110457.788-1024x576.png 1024w, https:\/\/ecomasiasferran.com\/wp-content\/uploads\/2025\/03\/Diseno-sin-titulo-2025-03-12T110457.788-768x432.png 768w, https:\/\/ecomasiasferran.com\/wp-content\/uploads\/2025\/03\/Diseno-sin-titulo-2025-03-12T110457.788-1536x864.png 1536w\" sizes=\"(max-width: 1920px) 100vw, 1920px\" \/>\t\t\t\t<\/a>\n\t\t\t<\/div>\n        \n                <div class=\"post-grid-text-wrap\">\n               \t\t\t\t<h2 class=\"title\">\n\t\t\t<a href=\"https:\/\/ecomasiasferran.com\/en\/entrada-1\/\">Ecotourism in Rural Farmhouses: A Unique Experience in the Heart of Nature<\/a>\n\t\t<\/h2>\n\t\t\t                \t\t<div class=\"post-grid-meta\">\n\t\t\t\n\t\t\t\t<span class=\"post-date\"><time datetime=\"2025-03-12T10:48:31+01:00\">12\/03\/2025<\/time><\/span>\n\n\t\t\t\t\t\t<\/div>\n\t\t\t                \t\t<div class=\"post-grid-excerpt\">\n\t\t\t<p>Ecotourism in Rural Farmhouses: A Unique Experience in the Heart of Nature Introduction What is ecotourism? Definition and key principles Environmental and community benefits Rural farmhouses and their role in ecotourism History and evolution of farmhouses Main characteristics Cal Ferr\u00e1n farmhouses: A refuge in nature Privileged location in the Pre-Park&hellip;<\/p>\n\t\t<\/div>\n\t\t\t                \t\t<a class=\"read-more-btn\" href=\"https:\/\/ecomasiasferran.com\/en\/entrada-1\/\">Leer M\u00e1s \u00bb<\/a>\n\t\t                <\/div>\n\n            <\/div><!-- .blog-inner -->\n           \n        <\/article>\n\n        \n\t\t\t<\/div>\n\t\t<\/div>\n\t\t\t\t\t\t<\/div>\n\t\t\t\t<\/div>\n\t\t\t\t<\/div>\n\t\t\t\t<\/div>\n\t\t","protected":false},"excerpt":{"rendered":"<p>Articles and news Next Opening Perseidas 2025: Escapada m\u00e1gica bajo las estrellas en Montserrat | Mas\u00edas Cal Ferran 21\/07\/2025 Perseidas 2025: Escapada m\u00e1gica bajo las estrellas en Montserrat | Mas\u00edas Cal Ferran Vive la lluvia de estrellas m\u00e1s esperada del a\u00f1o en plena naturaleza Agosto trae consigo cielos despejados, noches templadas y uno de los [&hellip;]<\/p>\n","protected":false},"author":3,"featured_media":0,"parent":0,"menu_order":0,"comment_status":"closed","ping_status":"closed","template":"","meta":{"inline_featured_image":false,"_uf_show_specific_survey":0,"_uf_disable_surveys":false,"site-sidebar-layout":"no-sidebar","site-content-layout":"","ast-site-content-layout":"full-width-container","site-content-style":"default","site-sidebar-style":"default","ast-global-header-display":"","ast-banner-title-visibility":"","ast-main-header-display":"","ast-hfb-above-header-display":"","ast-hfb-below-header-display":"","ast-hfb-mobile-header-display":"","site-post-title":"disabled","ast-breadcrumbs-content":"","ast-featured-img":"disabled","footer-sml-layout":"","theme-transparent-header-meta":"default","adv-header-id-meta":"","stick-header-meta":"","header-above-stick-meta":"","header-main-stick-meta":"","header-below-stick-meta":"","astra-migrate-meta-layouts":"default","ast-page-background-enabled":"default","ast-page-background-meta":{"desktop":{"background-color":"var(--ast-global-color-5)","background-image":"","background-repeat":"repeat","background-position":"center center","background-size":"auto","background-attachment":"scroll","background-type":"","background-media":"","overlay-type":"","overlay-color":"","overlay-opacity":"","overlay-gradient":""},"tablet":{"background-color":"","background-image":"","background-repeat":"repeat","background-position":"center center","background-size":"auto","background-attachment":"scroll","background-type":"","background-media":"","overlay-type":"","overlay-color":"","overlay-opacity":"","overlay-gradient":""},"mobile":{"background-color":"","background-image":"","background-repeat":"repeat","background-position":"center center","background-size":"auto","background-attachment":"scroll","background-type":"","background-media":"","overlay-type":"","overlay-color":"","overlay-opacity":"","overlay-gradient":""}},"ast-content-background-meta":{"desktop":{"background-color":"var(--ast-global-color-4)","background-image":"","background-repeat":"repeat","background-position":"center center","background-size":"auto","background-attachment":"scroll","background-type":"","background-media":"","overlay-type":"","overlay-color":"","overlay-opacity":"","overlay-gradient":""},"tablet":{"background-color":"var(--ast-global-color-4)","background-image":"","background-repeat":"repeat","background-position":"center center","background-size":"auto","background-attachment":"scroll","background-type":"","background-media":"","overlay-type":"","overlay-color":"","overlay-opacity":"","overlay-gradient":""},"mobile":{"background-color":"var(--ast-global-color-4)","background-image":"","background-repeat":"repeat","background-position":"center center","background-size":"auto","background-attachment":"scroll","background-type":"","background-media":"","overlay-type":"","overlay-color":"","overlay-opacity":"","overlay-gradient":""}},"footnotes":""},"class_list":["post-1728","page","type-page","status-publish","hentry"],"aioseo_notices":[],"_links":{"self":[{"href":"https:\/\/ecomasiasferran.com\/en\/wp-json\/wp\/v2\/pages\/1728","targetHints":{"allow":["GET"]}}],"collection":[{"href":"https:\/\/ecomasiasferran.com\/en\/wp-json\/wp\/v2\/pages"}],"about":[{"href":"https:\/\/ecomasiasferran.com\/en\/wp-json\/wp\/v2\/types\/page"}],"author":[{"embeddable":true,"href":"https:\/\/ecomasiasferran.com\/en\/wp-json\/wp\/v2\/users\/3"}],"replies":[{"embeddable":true,"href":"https:\/\/ecomasiasferran.com\/en\/wp-json\/wp\/v2\/comments?post=1728"}],"version-history":[{"count":8,"href":"https:\/\/ecomasiasferran.com\/en\/wp-json\/wp\/v2\/pages\/1728\/revisions"}],"predecessor-version":[{"id":2458,"href":"https:\/\/ecomasiasferran.com\/en\/wp-json\/wp\/v2\/pages\/1728\/revisions\/2458"}],"wp:attachment":[{"href":"https:\/\/ecomasiasferran.com\/en\/wp-json\/wp\/v2\/media?parent=1728"}],"curies":[{"name":"wp","href":"https:\/\/api.w.org\/{rel}","templated":true}]}}