{"id":1791,"date":"2025-07-20T16:29:24","date_gmt":"2025-07-20T14:29:24","guid":{"rendered":"https:\/\/ecomasiasferran.com\/cookies\/"},"modified":"2025-07-21T12:27:16","modified_gmt":"2025-07-21T10:27:16","slug":"cookies","status":"publish","type":"page","link":"https:\/\/ecomasiasferran.com\/fr\/cookies\/","title":{"rendered":"Politique en mati\u00e8re de cookies"},"content":{"rendered":"\t\t<div data-elementor-type=\"wp-page\" data-elementor-id=\"1791\" class=\"elementor elementor-1791 elementor-1712\">\n\t\t\t\t<div class=\"elementor-element elementor-element-6c33b63 e-flex e-con-boxed e-con e-parent\" data-id=\"6c33b63\" data-element_type=\"container\" data-settings=\"{&quot;background_background&quot;:&quot;classic&quot;}\">\n\t\t\t\t\t<div class=\"e-con-inner\">\n\t\t\t\t<div class=\"elementor-element elementor-element-d184519 elementor-widget elementor-widget-heading\" data-id=\"d184519\" data-element_type=\"widget\" data-widget_type=\"heading.default\">\n\t\t\t\t<div class=\"elementor-widget-container\">\n\t\t\t\t\t<h1 class=\"elementor-heading-title elementor-size-default\">Politique en mati\u00e8re de cookies<\/h1>\t\t\t\t<\/div>\n\t\t\t\t<\/div>\n\t\t\t\t\t<\/div>\n\t\t\t\t<\/div>\n\t\t<div class=\"elementor-element elementor-element-5b80031 e-con-full e-flex e-con e-parent\" data-id=\"5b80031\" data-element_type=\"container\" data-settings=\"{&quot;background_background&quot;:&quot;classic&quot;}\">\n\t\t<div class=\"elementor-element elementor-element-3c7d12f e-con-full e-flex e-con e-child\" data-id=\"3c7d12f\" data-element_type=\"container\">\n\t\t\t\t<div class=\"elementor-element elementor-element-1c11b89 elementor-widget elementor-widget-text-editor\" data-id=\"1c11b89\" data-element_type=\"widget\" data-widget_type=\"text-editor.default\">\n\t\t\t\t<div class=\"elementor-widget-container\">\n\t\t\t\t\t\t\t\t\t<h2><b>1) Qu&rsquo;est-ce qu&rsquo;un cookie ?<\/b><\/h2><p><span style=\"font-weight: 300;\">Un cookie est un petit fichier texte qui est stock\u00e9 dans votre navigateur lorsque vous visitez un site web. Ils sont utilis\u00e9s pour reconna\u00eetre votre appareil, m\u00e9moriser vos pr\u00e9f\u00e9rences ou collecter des statistiques d&rsquo;utilisation. <\/span><\/p><h2><b>2. quels types de cookies utilisons-nous ?<\/b><\/h2><p><span style=\"font-weight: 300;\">Nous utilisons diff\u00e9rents types de cookies sur notre site web pour am\u00e9liorer votre exp\u00e9rience et vous fournir un contenu pertinent.<\/span><span style=\"font-weight: 300;\"><br><\/span> <span style=\"font-weight: 300;\"> Cookies <\/span><span style=\"font-weight: 400;\">analytique<\/span><span style=\"font-weight: 300;\">cookies, tels que ceux de <\/span><span style=\"font-weight: 400;\">Google Analytics<\/span><span style=\"font-weight: 300;\">Les cookies nous aident \u00e0 collecter des informations sur votre navigation et votre comportement sur le site web. Ces informations sont anonymes et sont utilis\u00e9es pour mieux comprendre comment vous interagissez avec le site afin de l&rsquo;optimiser. Ces cookies peuvent rester actifs jusqu&rsquo;\u00e0    <\/span><span style=\"font-weight: 400;\">2 ans<\/span><span style=\"font-weight: 300;\">.<\/span><\/p><p><span style=\"font-weight: 300;\">D&rsquo;autre part, nous utilisons des cookies pour <\/span><span style=\"font-weight: 400;\">la publicit\u00e9<\/span><span style=\"font-weight: 300;\">des cookies, tels que le <\/span><span style=\"font-weight: 400;\">Meta Pixel<\/span><span style=\"font-weight: 300;\">  (de Facebook et Instagram), qui nous permettent de vous montrer des publicit\u00e9s personnalis\u00e9es en fonction de votre comportement et de vos pr\u00e9f\u00e9rences. Ces cookies ont une dur\u00e9e allant jusqu&rsquo;\u00e0   <\/span><span style=\"font-weight: 400;\">3 mois<\/span><span style=\"font-weight: 300;\">.<\/span><\/p><h2><b>3. la gestion des cookies<\/b><\/h2><p><span style=\"font-weight: 300;\">Vous pouvez accepter ou refuser les cookies non essentiels \u00e0 partir de la banni\u00e8re d&rsquo;accueil. Vous pouvez \u00e9galement configurer votre navigateur pour qu&rsquo;il supprime ou bloque les cookies install\u00e9s. Vous trouverez ici des liens pour savoir comment proc\u00e9der :  <\/span><\/p><ul><li style=\"font-weight: 300;\" aria-level=\"1\"><span style=\"font-weight: 300;\">Chrome<\/span><\/li><li style=\"font-weight: 300;\" aria-level=\"1\"><a style=\"font-style: inherit; background-color: #ffffff;\" href=\"https:\/\/support.mozilla.org\/es\/kb\/proteccion-antirrastreo-mejorada-en-firefox-para-escr\">Firefox<\/a><\/li><li style=\"font-weight: 300;\" aria-level=\"1\"><a style=\"font-style: inherit; background-color: #ffffff;\" href=\"https:\/\/support.apple.com\/es-es\/guide\/safari\/sfri11471\/mac\">Safari<\/a><\/li><\/ul><h2><b>4. Transferts internationaux<\/b><\/h2><p><span style=\"font-weight: 300;\">L&rsquo;utilisation des services Google et Meta implique d&rsquo;\u00e9ventuels transferts internationaux. Les deux fournisseurs appliquent des clauses contractuelles types approuv\u00e9es par la Commission europ\u00e9enne afin de garantir un niveau de protection ad\u00e9quat. <\/span><\/p><h2><b>5. Modifications de la pr\u00e9sente politique<\/b><\/h2><p><span style=\"font-weight: 300;\">Masias Ferran S.L. peut mettre \u00e0 jour cette politique de cookies pour refl\u00e9ter des changements juridiques ou techniques. La date de la derni\u00e8re mise \u00e0 jour sera indiqu\u00e9e dans le pied de page. <\/span><\/p><p dir=\"ltr\" style=\"line-height: 1.2; margin-top: 12pt; margin-bottom: 12pt;\"> <\/p>\t\t\t\t\t\t\t\t<\/div>\n\t\t\t\t<\/div>\n\t\t\t\t<\/div>\n\t\t\t\t<\/div>\n\t\t\t\t<\/div>\n\t\t","protected":false},"excerpt":{"rendered":"<p>Politique en mati\u00e8re de cookies 1) Qu&rsquo;est-ce qu&rsquo;un cookie ? Un cookie est un petit fichier texte qui est stock\u00e9 dans votre navigateur lorsque vous visitez un site web. Ils sont utilis\u00e9s pour reconna\u00eetre votre appareil, m\u00e9moriser vos pr\u00e9f\u00e9rences ou collecter des statistiques d&rsquo;utilisation. 2. quels types de cookies utilisons-nous ? Nous utilisons diff\u00e9rents types [&hellip;]<\/p>\n","protected":false},"author":1,"featured_media":0,"parent":0,"menu_order":0,"comment_status":"closed","ping_status":"closed","template":"","meta":{"inline_featured_image":false,"_uf_show_specific_survey":0,"_uf_disable_surveys":false,"site-sidebar-layout":"no-sidebar","site-content-layout":"","ast-site-content-layout":"full-width-container","site-content-style":"default","site-sidebar-style":"default","ast-global-header-display":"","ast-banner-title-visibility":"","ast-main-header-display":"","ast-hfb-above-header-display":"","ast-hfb-below-header-display":"","ast-hfb-mobile-header-display":"","site-post-title":"disabled","ast-breadcrumbs-content":"","ast-featured-img":"disabled","footer-sml-layout":"","theme-transparent-header-meta":"default","adv-header-id-meta":"","stick-header-meta":"","header-above-stick-meta":"","header-main-stick-meta":"","header-below-stick-meta":"","astra-migrate-meta-layouts":"default","ast-page-background-enabled":"default","ast-page-background-meta":{"desktop":{"background-color":"var(--ast-global-color-5)","background-image":"","background-repeat":"repeat","background-position":"center center","background-size":"auto","background-attachment":"scroll","background-type":"","background-media":"","overlay-type":"","overlay-color":"","overlay-opacity":"","overlay-gradient":""},"tablet":{"background-color":"","background-image":"","background-repeat":"repeat","background-position":"center center","background-size":"auto","background-attachment":"scroll","background-type":"","background-media":"","overlay-type":"","overlay-color":"","overlay-opacity":"","overlay-gradient":""},"mobile":{"background-color":"","background-image":"","background-repeat":"repeat","background-position":"center center","background-size":"auto","background-attachment":"scroll","background-type":"","background-media":"","overlay-type":"","overlay-color":"","overlay-opacity":"","overlay-gradient":""}},"ast-content-background-meta":{"desktop":{"background-color":"var(--ast-global-color-4)","background-image":"","background-repeat":"repeat","background-position":"center center","background-size":"auto","background-attachment":"scroll","background-type":"","background-media":"","overlay-type":"","overlay-color":"","overlay-opacity":"","overlay-gradient":""},"tablet":{"background-color":"var(--ast-global-color-4)","background-image":"","background-repeat":"repeat","background-position":"center center","background-size":"auto","background-attachment":"scroll","background-type":"","background-media":"","overlay-type":"","overlay-color":"","overlay-opacity":"","overlay-gradient":""},"mobile":{"background-color":"var(--ast-global-color-4)","background-image":"","background-repeat":"repeat","background-position":"center center","background-size":"auto","background-attachment":"scroll","background-type":"","background-media":"","overlay-type":"","overlay-color":"","overlay-opacity":"","overlay-gradient":""}},"footnotes":""},"class_list":["post-1791","page","type-page","status-publish","hentry"],"aioseo_notices":[],"_links":{"self":[{"href":"https:\/\/ecomasiasferran.com\/fr\/wp-json\/wp\/v2\/pages\/1791","targetHints":{"allow":["GET"]}}],"collection":[{"href":"https:\/\/ecomasiasferran.com\/fr\/wp-json\/wp\/v2\/pages"}],"about":[{"href":"https:\/\/ecomasiasferran.com\/fr\/wp-json\/wp\/v2\/types\/page"}],"author":[{"embeddable":true,"href":"https:\/\/ecomasiasferran.com\/fr\/wp-json\/wp\/v2\/users\/1"}],"replies":[{"embeddable":true,"href":"https:\/\/ecomasiasferran.com\/fr\/wp-json\/wp\/v2\/comments?post=1791"}],"version-history":[{"count":1,"href":"https:\/\/ecomasiasferran.com\/fr\/wp-json\/wp\/v2\/pages\/1791\/revisions"}],"predecessor-version":[{"id":1792,"href":"https:\/\/ecomasiasferran.com\/fr\/wp-json\/wp\/v2\/pages\/1791\/revisions\/1792"}],"wp:attachment":[{"href":"https:\/\/ecomasiasferran.com\/fr\/wp-json\/wp\/v2\/media?parent=1791"}],"curies":[{"name":"wp","href":"https:\/\/api.w.org\/{rel}","templated":true}]}}